{"id":262,"date":"2025-06-23T17:30:20","date_gmt":"2025-06-23T17:30:20","guid":{"rendered":"https:\/\/mahugo.canarys.es\/?post_type=product&#038;p=262"},"modified":"2026-04-21T11:42:05","modified_gmt":"2026-04-21T11:42:05","slug":"lux-brut-rosa","status":"publish","type":"product","link":"https:\/\/mahugodistribuciones.com\/en\/producto\/lux-brut-rosa\/","title":{"rendered":"Lux Brut Rosa"},"content":{"rendered":"<div>Vista<\/div>\n<div>Color rosado p\u00e1lido, con ribetes viol\u00e1ceos y baja capa colorante. Espuma persistente con buena formaci\u00f3n de corona.<\/div>\n<div><\/div>\n<div>Nariz<\/div>\n<div>En nariz se presenta aromas de fruta roja; frambuesa, moras, as\u00ed como notas florales que le otorgan complejidad y amplitud. De intensidad media, presenta una nariz golosa y elegante al mismo tiempo.<\/div>\n<div><\/div>\n<div>Boca<\/div>\n<div>En boca es fresco, con fruta en primer plano y un az\u00facar en perfecto equilibrio con la acidez. Paso por boca elegante y untuoso, no se muestra excesivamente dulce ni \u00e1cido, mostrando el car\u00e1cter del vino y su buena estructura.<\/div>\n<div>La burbuja, gracias al m\u00e9todo charmat, se muestra integrada y con muy buena persistencia.<\/div>\n","protected":false},"excerpt":{"rendered":"<div class=\"o_not_editable\">\n<p class=\"te_prod_desc\">Lux brut no es un cava, si no un espumoso de la zona del Pened\u00e9s.<\/p>\n<\/div>\n<div class=\"timer_data\">\n<div class=\"timer_input\"><\/div>\n<\/div>\n<div class=\"te_display_end_date\"><\/div>\n<form action=\"https:\/\/mahugodistribuciones.com\/shop\/cart\/update\" method=\"POST\">\n<div class=\"js_product js_main_product\">\n<div class=\"product_price mt16\"><\/div>\n<\/div>\n<\/form>\n","protected":false},"featured_media":266,"comment_status":"open","ping_status":"closed","template":"","meta":{"_joinchat":[]},"product_brand":[],"product_cat":[35],"product_tag":[],"class_list":{"0":"post-262","1":"product","2":"type-product","3":"status-publish","4":"has-post-thumbnail","6":"product_cat-vino-lux","8":"first","9":"instock","10":"shipping-taxable","11":"product-type-external"},"_links":{"self":[{"href":"https:\/\/mahugodistribuciones.com\/en\/wp-json\/wp\/v2\/product\/262","targetHints":{"allow":["GET"]}}],"collection":[{"href":"https:\/\/mahugodistribuciones.com\/en\/wp-json\/wp\/v2\/product"}],"about":[{"href":"https:\/\/mahugodistribuciones.com\/en\/wp-json\/wp\/v2\/types\/product"}],"replies":[{"embeddable":true,"href":"https:\/\/mahugodistribuciones.com\/en\/wp-json\/wp\/v2\/comments?post=262"}],"wp:featuredmedia":[{"embeddable":true,"href":"https:\/\/mahugodistribuciones.com\/en\/wp-json\/wp\/v2\/media\/266"}],"wp:attachment":[{"href":"https:\/\/mahugodistribuciones.com\/en\/wp-json\/wp\/v2\/media?parent=262"}],"wp:term":[{"taxonomy":"product_brand","embeddable":true,"href":"https:\/\/mahugodistribuciones.com\/en\/wp-json\/wp\/v2\/product_brand?post=262"},{"taxonomy":"product_cat","embeddable":true,"href":"https:\/\/mahugodistribuciones.com\/en\/wp-json\/wp\/v2\/product_cat?post=262"},{"taxonomy":"product_tag","embeddable":true,"href":"https:\/\/mahugodistribuciones.com\/en\/wp-json\/wp\/v2\/product_tag?post=262"}],"curies":[{"name":"wp","href":"https:\/\/api.w.org\/{rel}","templated":true}]}}