{"id":261,"date":"2025-06-23T17:29:56","date_gmt":"2025-06-23T17:29:56","guid":{"rendered":"https:\/\/mahugo.canarys.es\/?post_type=product&#038;p=261"},"modified":"2026-04-09T14:46:28","modified_gmt":"2026-04-09T14:46:28","slug":"lux-brut","status":"publish","type":"product","link":"https:\/\/mahugodistribuciones.com\/en\/producto\/lux-brut\/","title":{"rendered":"Lux Brut"},"content":{"rendered":"<div id=\"wrap\" class=\"js_sale\">\n<div id=\"product_full_description\" class=\"oe_structure container te_product_tab tab1C\">\n<div>Lux brut no es un cava, si no un espumoso de la zona del Pened\u00e9s. El chef belga Jess Van Weert lo llama \u201cMi sabor en contradicci\u00f3n de las normas del cava\u201d, ya que ha a\u00f1adido toques de uva Gew\u00fcrztraminer; una uva que no se puede usar para los productos de la D.O. Cava. Aunque el proceso de producci\u00f3n no es el mismo que el del cava, su resultado es el de un producto \u00fanico en su zona. Lux Brut estar hecho seg\u00fan el m\u00e9todo Charmat; un m\u00e9todo r\u00e1pido y eficiente para la producci\u00f3n de vinos espumosos, as\u00ed, conseguimos que la calidad de la uva se mantenga en el producto.<\/div>\n<\/div>\n<div class=\"recommended_product_slider_main container mb32\"><\/div>\n<\/div>\n","protected":false},"excerpt":{"rendered":"<div class=\"o_not_editable\">\n<p class=\"te_prod_desc\">Lux brut no es un cava, si no un espumoso de la zona del Pened\u00e9s.<\/p>\n<\/div>\n<div class=\"timer_data\">\n<div class=\"timer_input\"><\/div>\n<\/div>\n<div class=\"te_display_end_date\"><\/div>\n<form action=\"https:\/\/mahugodistribuciones.com\/shop\/cart\/update\" method=\"POST\">\n<div class=\"js_product js_main_product\">\n<div class=\"product_price mt16\"><\/div>\n<\/div>\n<\/form>\n","protected":false},"featured_media":263,"comment_status":"open","ping_status":"closed","template":"","meta":{"_joinchat":[]},"product_brand":[],"product_cat":[35],"product_tag":[],"class_list":{"0":"post-261","1":"product","2":"type-product","3":"status-publish","4":"has-post-thumbnail","6":"product_cat-vino-lux","8":"first","9":"instock","10":"shipping-taxable","11":"product-type-external"},"_links":{"self":[{"href":"https:\/\/mahugodistribuciones.com\/en\/wp-json\/wp\/v2\/product\/261","targetHints":{"allow":["GET"]}}],"collection":[{"href":"https:\/\/mahugodistribuciones.com\/en\/wp-json\/wp\/v2\/product"}],"about":[{"href":"https:\/\/mahugodistribuciones.com\/en\/wp-json\/wp\/v2\/types\/product"}],"replies":[{"embeddable":true,"href":"https:\/\/mahugodistribuciones.com\/en\/wp-json\/wp\/v2\/comments?post=261"}],"wp:featuredmedia":[{"embeddable":true,"href":"https:\/\/mahugodistribuciones.com\/en\/wp-json\/wp\/v2\/media\/263"}],"wp:attachment":[{"href":"https:\/\/mahugodistribuciones.com\/en\/wp-json\/wp\/v2\/media?parent=261"}],"wp:term":[{"taxonomy":"product_brand","embeddable":true,"href":"https:\/\/mahugodistribuciones.com\/en\/wp-json\/wp\/v2\/product_brand?post=261"},{"taxonomy":"product_cat","embeddable":true,"href":"https:\/\/mahugodistribuciones.com\/en\/wp-json\/wp\/v2\/product_cat?post=261"},{"taxonomy":"product_tag","embeddable":true,"href":"https:\/\/mahugodistribuciones.com\/en\/wp-json\/wp\/v2\/product_tag?post=261"}],"curies":[{"name":"wp","href":"https:\/\/api.w.org\/{rel}","templated":true}]}}