{"id":168,"date":"2025-06-23T17:10:04","date_gmt":"2025-06-23T17:10:04","guid":{"rendered":"https:\/\/mahugo.canarys.es\/?post_type=product&#038;p=168"},"modified":"2025-07-09T14:25:31","modified_gmt":"2025-07-09T14:25:31","slug":"bio-darjeeling-imperial","status":"publish","type":"product","link":"https:\/\/mahugodistribuciones.com\/en\/producto\/bio-darjeeling-imperial\/","title":{"rendered":"Bio Darjeeling Imperial"},"content":{"rendered":"<p>M\u00e1xima calidad procedente de la recolecci\u00f3n de verano con hojas &#8216;coloridas&#8217; y muy regulares. Madura, delicada nota a nuez y color dorado en copa. Calidad org\u00e1nica certificada.\u00a0 Volumen de suministro: nuestra EILLES World Luxury Selection impresiona con su elegante caja dispensadora, llena con 20 porciones individuales (50 g en total).\u00a0 Gracias a la caja de cart\u00f3n vertical, se puede retirar pr\u00e1cticamente porciones y la zona de t\u00e9 de la cocina se ve maravillosamente ordenada.\u00a0 Cada porci\u00f3n de t\u00e9 individual est\u00e1 sellada en un empaque protector para garantizar su aroma.\u00a0 El aroma permanece perfectamente protegido hasta la elaboraci\u00f3n de la cerveza y le da al conocedor todo su sabor.\u00a0 La diferencia con los t\u00e9s que se exponen en envases a granel es considerable.\u00a0 As\u00ed que no es de extra\u00f1ar por qu\u00e9 EILLES World Luxury Selection es la elecci\u00f3n de los conocedores del t\u00e9.<\/p>\n","protected":false},"excerpt":{"rendered":"<div class=\"o_not_editable\">\n<p class=\"te_prod_desc\">M\u00e1xima calidad procedente de la recolecci\u00f3n de verano con hojas &#8216;coloridas&#8217; y muy regulares.<\/p>\n<\/div>\n<div class=\"timer_data\">\n<div class=\"timer_input\"><\/div>\n<\/div>\n","protected":false},"featured_media":172,"comment_status":"open","ping_status":"closed","template":"","meta":{"_joinchat":[]},"product_brand":[],"product_cat":[32],"product_tag":[],"class_list":{"0":"post-168","1":"product","2":"type-product","3":"status-publish","4":"has-post-thumbnail","6":"product_cat-te-diamonds","8":"first","9":"instock","10":"shipping-taxable","11":"purchasable","12":"product-type-simple"},"_links":{"self":[{"href":"https:\/\/mahugodistribuciones.com\/en\/wp-json\/wp\/v2\/product\/168","targetHints":{"allow":["GET"]}}],"collection":[{"href":"https:\/\/mahugodistribuciones.com\/en\/wp-json\/wp\/v2\/product"}],"about":[{"href":"https:\/\/mahugodistribuciones.com\/en\/wp-json\/wp\/v2\/types\/product"}],"replies":[{"embeddable":true,"href":"https:\/\/mahugodistribuciones.com\/en\/wp-json\/wp\/v2\/comments?post=168"}],"wp:featuredmedia":[{"embeddable":true,"href":"https:\/\/mahugodistribuciones.com\/en\/wp-json\/wp\/v2\/media\/172"}],"wp:attachment":[{"href":"https:\/\/mahugodistribuciones.com\/en\/wp-json\/wp\/v2\/media?parent=168"}],"wp:term":[{"taxonomy":"product_brand","embeddable":true,"href":"https:\/\/mahugodistribuciones.com\/en\/wp-json\/wp\/v2\/product_brand?post=168"},{"taxonomy":"product_cat","embeddable":true,"href":"https:\/\/mahugodistribuciones.com\/en\/wp-json\/wp\/v2\/product_cat?post=168"},{"taxonomy":"product_tag","embeddable":true,"href":"https:\/\/mahugodistribuciones.com\/en\/wp-json\/wp\/v2\/product_tag?post=168"}],"curies":[{"name":"wp","href":"https:\/\/api.w.org\/{rel}","templated":true}]}}