{"id":158,"date":"2025-06-23T17:09:28","date_gmt":"2025-06-23T17:09:28","guid":{"rendered":"https:\/\/mahugo.canarys.es\/?post_type=product&#038;p=158"},"modified":"2025-07-09T14:25:35","modified_gmt":"2025-07-09T14:25:35","slug":"bio-english-breakfast-blatt","status":"publish","type":"product","link":"https:\/\/mahugodistribuciones.com\/en\/producto\/bio-english-breakfast-blatt\/","title":{"rendered":"Bio English Breakfast Blatt"},"content":{"rendered":"<p data-start=\"28\" data-end=\"173\">Mezcla de t\u00e9 negro de la m\u00e1s alta calidad procedente de Darjeeling y Assam, impregnada con el picante aceite arom\u00e1tico de los m\u00e1s finos c\u00edtricos.<\/p>\n<p data-start=\"175\" data-end=\"992\" data-is-last-node=\"\" data-is-only-node=\"\">El cl\u00e1sico entre las variedades de t\u00e9, apreciado a cualquier hora del d\u00eda.<br data-start=\"249\" data-end=\"252\" \/><strong data-start=\"252\" data-end=\"276\">Contenido del env\u00edo:<\/strong> nuestra <em data-start=\"285\" data-end=\"316\">EILLES World Luxury Selection<\/em> destaca por su elegante caja dispensadora, que contiene 20 porciones individuales (50 g en total). Gracias a su formato vertical, se pueden extraer las porciones de forma pr\u00e1ctica, y la zona del t\u00e9 en la cocina se mantiene perfectamente ordenada.<br data-start=\"563\" data-end=\"566\" \/>Cada porci\u00f3n de t\u00e9 est\u00e1 sellada en un envase protector que conserva el aroma. Esto garantiza que el sabor se mantenga intacto hasta el momento de la infusi\u00f3n, brindando al amante del t\u00e9 una experiencia de sabor completa. La diferencia con los t\u00e9s que se presentan a granel en un solo envase es considerable.<br data-start=\"873\" data-end=\"876\" \/>No es de extra\u00f1ar que la <em data-start=\"901\" data-end=\"932\">EILLES World Luxury Selection<\/em> sea la elecci\u00f3n preferida de los verdaderos amantes del t\u00e9.<\/p>\n","protected":false},"excerpt":{"rendered":"<p>La m\u00e1s fina mezcla de t\u00e9 negro de Darjeeling y Assam, mojada con el aceite de aroma especiado de los mejores c\u00edtricos.<\/p>\n","protected":false},"featured_media":169,"comment_status":"open","ping_status":"closed","template":"","meta":{"_joinchat":[]},"product_brand":[],"product_cat":[32],"product_tag":[],"class_list":{"0":"post-158","1":"product","2":"type-product","3":"status-publish","4":"has-post-thumbnail","6":"product_cat-te-diamonds","8":"first","9":"instock","10":"shipping-taxable","11":"purchasable","12":"product-type-simple"},"_links":{"self":[{"href":"https:\/\/mahugodistribuciones.com\/en\/wp-json\/wp\/v2\/product\/158","targetHints":{"allow":["GET"]}}],"collection":[{"href":"https:\/\/mahugodistribuciones.com\/en\/wp-json\/wp\/v2\/product"}],"about":[{"href":"https:\/\/mahugodistribuciones.com\/en\/wp-json\/wp\/v2\/types\/product"}],"replies":[{"embeddable":true,"href":"https:\/\/mahugodistribuciones.com\/en\/wp-json\/wp\/v2\/comments?post=158"}],"wp:featuredmedia":[{"embeddable":true,"href":"https:\/\/mahugodistribuciones.com\/en\/wp-json\/wp\/v2\/media\/169"}],"wp:attachment":[{"href":"https:\/\/mahugodistribuciones.com\/en\/wp-json\/wp\/v2\/media?parent=158"}],"wp:term":[{"taxonomy":"product_brand","embeddable":true,"href":"https:\/\/mahugodistribuciones.com\/en\/wp-json\/wp\/v2\/product_brand?post=158"},{"taxonomy":"product_cat","embeddable":true,"href":"https:\/\/mahugodistribuciones.com\/en\/wp-json\/wp\/v2\/product_cat?post=158"},{"taxonomy":"product_tag","embeddable":true,"href":"https:\/\/mahugodistribuciones.com\/en\/wp-json\/wp\/v2\/product_tag?post=158"}],"curies":[{"name":"wp","href":"https:\/\/api.w.org\/{rel}","templated":true}]}}