{"id":156,"date":"2025-06-23T17:07:13","date_gmt":"2025-06-23T17:07:13","guid":{"rendered":"https:\/\/mahugo.canarys.es\/?post_type=product&#038;p=156"},"modified":"2025-07-09T14:25:59","modified_gmt":"2025-07-09T14:25:59","slug":"te-verde-organico-con-gingsen","status":"publish","type":"product","link":"https:\/\/mahugodistribuciones.com\/en\/producto\/te-verde-organico-con-gingsen\/","title":{"rendered":"T\u00e9 verde org\u00e1nico con Gingsen"},"content":{"rendered":"<p>El t\u00e9 verde de China cosechado en primavera tiene una taza suave de color verde claro y un sabor fino y \u00e1cido.\u00a0Volumen de suministro: nuestra EILLES World Luxury Selection impresiona con su elegante caja dispensadora, llena con 20 porciones individuales (50 g en total).\u00a0Gracias a la caja de cart\u00f3n vertical, se puede retirar pr\u00e1cticamente porciones y la zona de t\u00e9 de la cocina se ve maravillosamente ordenada.\u00a0Cada porci\u00f3n de t\u00e9 individual est\u00e1 sellada en un empaque protector para garantizar su aroma.\u00a0El aroma permanece perfectamente protegido hasta la elaboraci\u00f3n y le da al conocedor todo su sabor.\u00a0La diferencia con los t\u00e9s que se exponen en envases a granel es considerable.\u00a0As\u00ed que no es de extra\u00f1ar por qu\u00e9 EILLES World Luxury Selection es la elecci\u00f3n de los conocedores del t\u00e9.<\/p>\n","protected":false},"excerpt":{"rendered":"<p>El t\u00e9 verde de China cosechado en primavera tiene una taza suave de color verde claro y un sabor fino y \u00e1cido.<\/p>\n","protected":false},"featured_media":162,"comment_status":"open","ping_status":"closed","template":"","meta":{"_joinchat":[]},"product_brand":[],"product_cat":[32],"product_tag":[],"class_list":{"0":"post-156","1":"product","2":"type-product","3":"status-publish","4":"has-post-thumbnail","6":"product_cat-te-diamonds","8":"first","9":"instock","10":"shipping-taxable","11":"purchasable","12":"product-type-simple"},"_links":{"self":[{"href":"https:\/\/mahugodistribuciones.com\/en\/wp-json\/wp\/v2\/product\/156","targetHints":{"allow":["GET"]}}],"collection":[{"href":"https:\/\/mahugodistribuciones.com\/en\/wp-json\/wp\/v2\/product"}],"about":[{"href":"https:\/\/mahugodistribuciones.com\/en\/wp-json\/wp\/v2\/types\/product"}],"replies":[{"embeddable":true,"href":"https:\/\/mahugodistribuciones.com\/en\/wp-json\/wp\/v2\/comments?post=156"}],"wp:featuredmedia":[{"embeddable":true,"href":"https:\/\/mahugodistribuciones.com\/en\/wp-json\/wp\/v2\/media\/162"}],"wp:attachment":[{"href":"https:\/\/mahugodistribuciones.com\/en\/wp-json\/wp\/v2\/media?parent=156"}],"wp:term":[{"taxonomy":"product_brand","embeddable":true,"href":"https:\/\/mahugodistribuciones.com\/en\/wp-json\/wp\/v2\/product_brand?post=156"},{"taxonomy":"product_cat","embeddable":true,"href":"https:\/\/mahugodistribuciones.com\/en\/wp-json\/wp\/v2\/product_cat?post=156"},{"taxonomy":"product_tag","embeddable":true,"href":"https:\/\/mahugodistribuciones.com\/en\/wp-json\/wp\/v2\/product_tag?post=156"}],"curies":[{"name":"wp","href":"https:\/\/api.w.org\/{rel}","templated":true}]}}