{"id":143,"date":"2025-06-23T16:53:25","date_gmt":"2025-06-23T16:53:25","guid":{"rendered":"https:\/\/mahugo.canarys.es\/?post_type=product&#038;p=143"},"modified":"2025-07-09T14:25:38","modified_gmt":"2025-07-09T14:25:38","slug":"earl-grey-seleccion-organico","status":"publish","type":"product","link":"https:\/\/mahugodistribuciones.com\/en\/producto\/earl-grey-seleccion-organico\/","title":{"rendered":"Earl Grey Selecci\u00f3n Org\u00e1nico"},"content":{"rendered":"<div>La mejor mezcla de t\u00e9 negro de Darjeeling y Assam, humedecida con el picante aceite arom\u00e1tico de los mejores c\u00edtricos.<\/div>\n<div><\/div>\n<div>El t\u00e9 cl\u00e1sico es popular en cualquier momento del d\u00eda. Volumen de suministro: nuestra EILLES World Luxury Selection impresiona con su elegante caja dispensadora, llena con 20 porciones individuales (50 g en total). Gracias a la caja de cart\u00f3n vertical, se puede retirar pr\u00e1cticamente porciones y la zona de t\u00e9 de la cocina se ve maravillosamente ordenada. Cada porci\u00f3n de t\u00e9 individual est\u00e1 sellada en un empaque protector para garantizar su aroma. El aroma permanece perfectamente protegido hasta la elaboraci\u00f3n de la cerveza y le da al conocedor todo su sabor. La diferencia con los t\u00e9s que se exponen en envases a granel es considerable. As\u00ed que no es de extra\u00f1ar por qu\u00e9 EILLES World Luxury Selection es la elecci\u00f3n de los conocedores del t\u00e9.<\/div>\n","protected":false},"excerpt":{"rendered":"<p>La mejor mezcla de t\u00e9 negro de Darjeeling y Assam, humedecida con el picante aceite arom\u00e1tico de los mejores c\u00edtricos.<\/p>\n","protected":false},"featured_media":144,"comment_status":"open","ping_status":"closed","template":"","meta":{"_joinchat":[]},"product_brand":[],"product_cat":[32],"product_tag":[],"class_list":{"0":"post-143","1":"product","2":"type-product","3":"status-publish","4":"has-post-thumbnail","6":"product_cat-te-diamonds","8":"first","9":"instock","10":"shipping-taxable","11":"purchasable","12":"product-type-simple"},"_links":{"self":[{"href":"https:\/\/mahugodistribuciones.com\/en\/wp-json\/wp\/v2\/product\/143","targetHints":{"allow":["GET"]}}],"collection":[{"href":"https:\/\/mahugodistribuciones.com\/en\/wp-json\/wp\/v2\/product"}],"about":[{"href":"https:\/\/mahugodistribuciones.com\/en\/wp-json\/wp\/v2\/types\/product"}],"replies":[{"embeddable":true,"href":"https:\/\/mahugodistribuciones.com\/en\/wp-json\/wp\/v2\/comments?post=143"}],"wp:featuredmedia":[{"embeddable":true,"href":"https:\/\/mahugodistribuciones.com\/en\/wp-json\/wp\/v2\/media\/144"}],"wp:attachment":[{"href":"https:\/\/mahugodistribuciones.com\/en\/wp-json\/wp\/v2\/media?parent=143"}],"wp:term":[{"taxonomy":"product_brand","embeddable":true,"href":"https:\/\/mahugodistribuciones.com\/en\/wp-json\/wp\/v2\/product_brand?post=143"},{"taxonomy":"product_cat","embeddable":true,"href":"https:\/\/mahugodistribuciones.com\/en\/wp-json\/wp\/v2\/product_cat?post=143"},{"taxonomy":"product_tag","embeddable":true,"href":"https:\/\/mahugodistribuciones.com\/en\/wp-json\/wp\/v2\/product_tag?post=143"}],"curies":[{"name":"wp","href":"https:\/\/api.w.org\/{rel}","templated":true}]}}